{"id":625,"date":"2016-10-27T19:48:34","date_gmt":"2016-10-27T19:48:34","guid":{"rendered":"http:\/\/www.periciadocumental.es\/?page_id=625"},"modified":"2016-11-27T20:13:05","modified_gmt":"2016-11-27T20:13:05","slug":"inicio","status":"publish","type":"page","link":"https:\/\/www.periciadocumental.es\/","title":{"rendered":"Inicio"},"content":{"rendered":"<h3><strong>Bienvenidos a Pericia Documental. Una p\u00e1gina especializada en servicios profesionales de peritaci\u00f3n en artes gr\u00e1ficas, documentoscopia y digitalizaci\u00f3n de documentos antiguos.<\/strong><\/h3>\n<p><strong>Pericia documental <\/strong>, nace tras un recorrido profesional\u00a0 m\u00e1s de dos d\u00e9cadas en las Artes Gr\u00e1ficas del perito titular, Iv\u00e1n Rodr\u00edguez Cort\u00e9s. Entre mis t\u00edtulos podr\u00eda destacar el de t\u00e9cnico superior en Impresi\u00f3n por la Escuela de Artes Gr\u00e1ficas de Bilbao, perito en Graf\u00edstica y Documentoscopia por la UNED y ser <strong>profesor asociado en esta misma universidad,\u00a0 la UNED,\u00a0<\/strong> en el Experto Universitario Judicial en Artes Gr\u00e1ficas y Serigraf\u00eda que actualmente ya va por su segunda edici\u00f3n.<\/p>\n<p>Esta es una historia de inquietudes\u00a0 en el campo gr\u00e1fico. De considerar que puedo ofrecer asesor\u00eda t\u00e9cnicas en el mundo del peritaje a muchas personas que puedan verse con necesidades muy concretas en un momento determinado de sus vidas. Mis conocimientos\u00a0 le pueden ayudar en alguno de los problemas m\u00e1s comunes en este campo, como puede ser<strong> falsificaci\u00f3n de firmas por escaneo e impresi\u00f3n<\/strong>,\u00a0 peritaci\u00f3n de <strong>bonos hist\u00f3ricos<\/strong>, trabajos editoriales <strong>mal ejecutados<\/strong> debido al color, encuadernaci\u00f3n a\u00a0 o la misma impresi\u00f3n&#8230;<\/p>\n<p>En resumen, le puedo ser de ayuda en cualquier caso donde\u00a0 exista <strong>una impresi\u00f3n<\/strong> y <strong>una superficie impresa<\/strong>, ya sea papel, vinilo, cristal\u00a0 o metacrilato.<\/p>\n<figure id=\"attachment_643\" aria-describedby=\"caption-attachment-643\" style=\"width: 500px\" class=\"wp-caption aligncenter\"><img loading=\"lazy\" decoding=\"async\" class=\"wp-image-643\" src=\"http:\/\/www.periciadocumental.es\/wp-content\/uploads\/2016\/10\/portadae.jpg\" alt=\"portadae\" width=\"500\" height=\"453\" srcset=\"https:\/\/www.periciadocumental.es\/wp-content\/uploads\/2016\/10\/portadae.jpg 684w, https:\/\/www.periciadocumental.es\/wp-content\/uploads\/2016\/10\/portadae-300x272.jpg 300w, https:\/\/www.periciadocumental.es\/wp-content\/uploads\/2016\/10\/portadae-386x350.jpg 386w\" sizes=\"auto, (max-width: 500px) 100vw, 500px\" \/><figcaption id=\"caption-attachment-643\" class=\"wp-caption-text\">Docente Asociado en la UNED<\/figcaption><\/figure>\n<p>Entre los informes o peritaciones que con m\u00e1s frecuencia realizo, est\u00e1n los siguientes:<\/p>\n<p>&#8211; Informes sobre cualquier tipo de documento; bien sean <strong>contratos, talones, recibos, letras de cambio, cartas<\/strong>,\u00a0 etc., a trav\u00e9s del an\u00e1lisis pormenorizado de los diversos grafismos que puedan contener: letras, cifras, firmas, etc. Adem\u00e1s cuento con los medios t\u00e9cnicos necesarios para poder detectar cualquier tipo de alteraci\u00f3n que pueda haberse producido en el documento.<br \/>\n&#8211; Detecci\u00f3n y estudio de alteraciones en documentos para determinar su posible <strong>origen fraudulento<\/strong>. Y esto incluye los conocidos como <strong>bonos hist\u00f3ricos<\/strong> o <strong>acciones<\/strong> de cierta edad. Esto es <strong>Documentoscopia<\/strong>.<br \/>\n&#8211; Emisi\u00f3n de <strong>informes t\u00e9cnicos<\/strong> sobre cualquier problema gr\u00e1fico de un trabajo determinado como puede ser d<strong>ecoloraci\u00f3n y agrietamiento de vinilos, impresiones mal ejecutadas, encuadernaciones defectuosas, problemas de colorimetr\u00eda.<\/strong> Dispongo de los equipos de medici\u00f3n adecuados y emito informes siguiendo las recomendaciones de FOGRA y seg\u00fan las ISO pertinentes.<br \/>\n&#8211; <strong>Contrapericiales<\/strong> en casos gr\u00e1ficos y\/o documentoscopia.<br \/>\n&#8211; Informes Periciales mecanogr\u00e1ficos:Esto es, documentos hechos con m\u00e1quinas de escribir manuales, el\u00e9ctricas y electr\u00f3nicas e impresoras, tendentes a descubrir si los documentos realizados en su momento con las mismas fueron objeto de manipulaci\u00f3n y\/o\u00a0 falsificaci\u00f3n.<br \/>\n&#8211; An\u00e1lisis sobre la impresi\u00f3n de sellos de caucho y en seco.<\/p>\n<p>Soy perito en Graf\u00edstica, pero actualmente no realizo informes periciales caligr\u00e1ficos <strong>manuscritos<\/strong>. Pero s\u00ed todos aquellos casos donde por <strong>medios mec\u00e1nicos<\/strong> se ha falsificado una firma o una escritura. Es por simple y llana <strong>especializaci\u00f3n<\/strong> y porque es el campo donde puedo ofrecer una garant\u00eda muy alta de resoluci\u00f3n de casos.<\/p>\n<p>El precio de este tipo de\u00a0 Informes Periciales es\u00a0 <strong>variable<\/strong> y aunque siempre me piden un coste aproximado cuando me consultan por v\u00eda telef\u00f3nica, no puedo realizar presupuesto sin saber exactamente sobre qu\u00e9 tratar\u00e1 el caso.\u00a0 Consulte<a href=\"http:\/\/www.periciadocumental.es\/index.php\/preguntas-frecuentes\/\" target=\"_blank\"> preguntas frecuentes <\/a>para m\u00e1s informaci\u00f3n. Tambi\u00e9n tengo que comprobar la viabilidad y la dificultad del caso, si hay que ejecutar un alzado fotogr\u00e1fico, etc. . Puedo realizar un pre-estudio sobre la viabilidad del Informe Pericial.<\/p>\n","protected":false},"excerpt":{"rendered":"<p>Bienvenidos a Pericia Documental. Una p\u00e1gina especializada en servicios profesionales de peritaci\u00f3n en artes gr\u00e1ficas, documentoscopia y digitalizaci\u00f3n de documentos antiguos. Pericia documental , nace tras un recorrido profesional\u00a0 m\u00e1s de dos d\u00e9cadas en las Artes Gr\u00e1ficas del perito titular, Iv\u00e1n Rodr\u00edguez Cort\u00e9s. Entre mis t\u00edtulos podr\u00eda destacar el de&#8230;<\/p>\n","protected":false},"author":1,"featured_media":656,"parent":0,"menu_order":0,"comment_status":"closed","ping_status":"closed","template":"template-frontpage.php","meta":{"footnotes":""},"class_list":["post-625","page","type-page","status-publish","has-post-thumbnail","hentry"],"yoast_head":"<!-- This site is optimized with the Yoast SEO plugin v25.7 - https:\/\/yoast.com\/wordpress\/plugins\/seo\/ -->\n<title>Inicio - Pericia Documental<\/title>\n<meta name=\"description\" content=\"Perito judicial titular en artes gr\u00e1ficas y documentoscopia ante los tribunales de Espa\u00f1a. Realizo informes privados, peritaci\u00f3n y asesor\u00eda t\u00e9cnica en el campo gr\u00e1fico\" \/>\n<meta name=\"robots\" content=\"index, follow, max-snippet:-1, max-image-preview:large, max-video-preview:-1\" \/>\n<link rel=\"canonical\" href=\"https:\/\/www.periciadocumental.es\/\" \/>\n<meta property=\"og:locale\" content=\"es_ES\" \/>\n<meta property=\"og:type\" content=\"article\" \/>\n<meta property=\"og:title\" content=\"Inicio - Pericia Documental\" \/>\n<meta property=\"og:description\" content=\"Perito judicial titular en artes gr\u00e1ficas y documentoscopia ante los tribunales de Espa\u00f1a. Realizo informes privados, peritaci\u00f3n y asesor\u00eda t\u00e9cnica en el campo gr\u00e1fico\" \/>\n<meta property=\"og:url\" content=\"https:\/\/www.periciadocumental.es\/\" \/>\n<meta property=\"og:site_name\" content=\"Pericia Documental\" \/>\n<meta property=\"article:modified_time\" content=\"2016-11-27T20:13:05+00:00\" \/>\n<meta property=\"og:image\" content=\"https:\/\/www.periciadocumental.es\/wp-content\/uploads\/2016\/10\/cropped-Parches.jpg\" \/>\n\t<meta property=\"og:image:width\" content=\"1280\" \/>\n\t<meta property=\"og:image:height\" content=\"444\" \/>\n\t<meta property=\"og:image:type\" content=\"image\/jpeg\" \/>\n<meta name=\"twitter:card\" content=\"summary_large_image\" \/>\n<meta name=\"twitter:label1\" content=\"Tiempo de lectura\" \/>\n\t<meta name=\"twitter:data1\" content=\"3 minutos\" \/>\n<script type=\"application\/ld+json\" class=\"yoast-schema-graph\">{\"@context\":\"https:\/\/schema.org\",\"@graph\":[{\"@type\":\"WebPage\",\"@id\":\"https:\/\/www.periciadocumental.es\/\",\"url\":\"https:\/\/www.periciadocumental.es\/\",\"name\":\"Inicio - Pericia Documental\",\"isPartOf\":{\"@id\":\"https:\/\/www.periciadocumental.es\/#website\"},\"primaryImageOfPage\":{\"@id\":\"https:\/\/www.periciadocumental.es\/#primaryimage\"},\"image\":{\"@id\":\"https:\/\/www.periciadocumental.es\/#primaryimage\"},\"thumbnailUrl\":\"https:\/\/www.periciadocumental.es\/wp-content\/uploads\/2016\/10\/cropped-Parches.jpg\",\"datePublished\":\"2016-10-27T19:48:34+00:00\",\"dateModified\":\"2016-11-27T20:13:05+00:00\",\"description\":\"Perito judicial titular en artes gr\u00e1ficas y documentoscopia ante los tribunales de Espa\u00f1a. Realizo informes privados, peritaci\u00f3n y asesor\u00eda t\u00e9cnica en el campo gr\u00e1fico\",\"breadcrumb\":{\"@id\":\"https:\/\/www.periciadocumental.es\/#breadcrumb\"},\"inLanguage\":\"es\",\"potentialAction\":[{\"@type\":\"ReadAction\",\"target\":[\"https:\/\/www.periciadocumental.es\/\"]}]},{\"@type\":\"ImageObject\",\"inLanguage\":\"es\",\"@id\":\"https:\/\/www.periciadocumental.es\/#primaryimage\",\"url\":\"https:\/\/www.periciadocumental.es\/wp-content\/uploads\/2016\/10\/cropped-Parches.jpg\",\"contentUrl\":\"https:\/\/www.periciadocumental.es\/wp-content\/uploads\/2016\/10\/cropped-Parches.jpg\",\"width\":1280,\"height\":444},{\"@type\":\"BreadcrumbList\",\"@id\":\"https:\/\/www.periciadocumental.es\/#breadcrumb\",\"itemListElement\":[{\"@type\":\"ListItem\",\"position\":1,\"name\":\"Portada\",\"item\":\"https:\/\/www.periciadocumental.es\/\"},{\"@type\":\"ListItem\",\"position\":2,\"name\":\"Inicio\"}]},{\"@type\":\"WebSite\",\"@id\":\"https:\/\/www.periciadocumental.es\/#website\",\"url\":\"https:\/\/www.periciadocumental.es\/\",\"name\":\"Pericia Documental\",\"description\":\"\",\"publisher\":{\"@id\":\"https:\/\/www.periciadocumental.es\/#\/schema\/person\/33d1b5f3f9e7bf3cdbd467540db25a3f\"},\"potentialAction\":[{\"@type\":\"SearchAction\",\"target\":{\"@type\":\"EntryPoint\",\"urlTemplate\":\"https:\/\/www.periciadocumental.es\/?s={search_term_string}\"},\"query-input\":{\"@type\":\"PropertyValueSpecification\",\"valueRequired\":true,\"valueName\":\"search_term_string\"}}],\"inLanguage\":\"es\"},{\"@type\":[\"Person\",\"Organization\"],\"@id\":\"https:\/\/www.periciadocumental.es\/#\/schema\/person\/33d1b5f3f9e7bf3cdbd467540db25a3f\",\"name\":\"Iv\u00e1n\",\"image\":{\"@type\":\"ImageObject\",\"inLanguage\":\"es\",\"@id\":\"https:\/\/www.periciadocumental.es\/#\/schema\/person\/image\/\",\"url\":\"https:\/\/www.periciadocumental.es\/wp-content\/uploads\/2022\/03\/Logo_p.png\",\"contentUrl\":\"https:\/\/www.periciadocumental.es\/wp-content\/uploads\/2022\/03\/Logo_p.png\",\"width\":299,\"height\":58,\"caption\":\"Iv\u00e1n\"},\"logo\":{\"@id\":\"https:\/\/www.periciadocumental.es\/#\/schema\/person\/image\/\"}}]}<\/script>\n<!-- \/ Yoast SEO plugin. -->","yoast_head_json":{"title":"Inicio - Pericia Documental","description":"Perito judicial titular en artes gr\u00e1ficas y documentoscopia ante los tribunales de Espa\u00f1a. Realizo informes privados, peritaci\u00f3n y asesor\u00eda t\u00e9cnica en el campo gr\u00e1fico","robots":{"index":"index","follow":"follow","max-snippet":"max-snippet:-1","max-image-preview":"max-image-preview:large","max-video-preview":"max-video-preview:-1"},"canonical":"https:\/\/www.periciadocumental.es\/","og_locale":"es_ES","og_type":"article","og_title":"Inicio - Pericia Documental","og_description":"Perito judicial titular en artes gr\u00e1ficas y documentoscopia ante los tribunales de Espa\u00f1a. Realizo informes privados, peritaci\u00f3n y asesor\u00eda t\u00e9cnica en el campo gr\u00e1fico","og_url":"https:\/\/www.periciadocumental.es\/","og_site_name":"Pericia Documental","article_modified_time":"2016-11-27T20:13:05+00:00","og_image":[{"width":1280,"height":444,"url":"https:\/\/www.periciadocumental.es\/wp-content\/uploads\/2016\/10\/cropped-Parches.jpg","type":"image\/jpeg"}],"twitter_card":"summary_large_image","twitter_misc":{"Tiempo de lectura":"3 minutos"},"schema":{"@context":"https:\/\/schema.org","@graph":[{"@type":"WebPage","@id":"https:\/\/www.periciadocumental.es\/","url":"https:\/\/www.periciadocumental.es\/","name":"Inicio - Pericia Documental","isPartOf":{"@id":"https:\/\/www.periciadocumental.es\/#website"},"primaryImageOfPage":{"@id":"https:\/\/www.periciadocumental.es\/#primaryimage"},"image":{"@id":"https:\/\/www.periciadocumental.es\/#primaryimage"},"thumbnailUrl":"https:\/\/www.periciadocumental.es\/wp-content\/uploads\/2016\/10\/cropped-Parches.jpg","datePublished":"2016-10-27T19:48:34+00:00","dateModified":"2016-11-27T20:13:05+00:00","description":"Perito judicial titular en artes gr\u00e1ficas y documentoscopia ante los tribunales de Espa\u00f1a. Realizo informes privados, peritaci\u00f3n y asesor\u00eda t\u00e9cnica en el campo gr\u00e1fico","breadcrumb":{"@id":"https:\/\/www.periciadocumental.es\/#breadcrumb"},"inLanguage":"es","potentialAction":[{"@type":"ReadAction","target":["https:\/\/www.periciadocumental.es\/"]}]},{"@type":"ImageObject","inLanguage":"es","@id":"https:\/\/www.periciadocumental.es\/#primaryimage","url":"https:\/\/www.periciadocumental.es\/wp-content\/uploads\/2016\/10\/cropped-Parches.jpg","contentUrl":"https:\/\/www.periciadocumental.es\/wp-content\/uploads\/2016\/10\/cropped-Parches.jpg","width":1280,"height":444},{"@type":"BreadcrumbList","@id":"https:\/\/www.periciadocumental.es\/#breadcrumb","itemListElement":[{"@type":"ListItem","position":1,"name":"Portada","item":"https:\/\/www.periciadocumental.es\/"},{"@type":"ListItem","position":2,"name":"Inicio"}]},{"@type":"WebSite","@id":"https:\/\/www.periciadocumental.es\/#website","url":"https:\/\/www.periciadocumental.es\/","name":"Pericia Documental","description":"","publisher":{"@id":"https:\/\/www.periciadocumental.es\/#\/schema\/person\/33d1b5f3f9e7bf3cdbd467540db25a3f"},"potentialAction":[{"@type":"SearchAction","target":{"@type":"EntryPoint","urlTemplate":"https:\/\/www.periciadocumental.es\/?s={search_term_string}"},"query-input":{"@type":"PropertyValueSpecification","valueRequired":true,"valueName":"search_term_string"}}],"inLanguage":"es"},{"@type":["Person","Organization"],"@id":"https:\/\/www.periciadocumental.es\/#\/schema\/person\/33d1b5f3f9e7bf3cdbd467540db25a3f","name":"Iv\u00e1n","image":{"@type":"ImageObject","inLanguage":"es","@id":"https:\/\/www.periciadocumental.es\/#\/schema\/person\/image\/","url":"https:\/\/www.periciadocumental.es\/wp-content\/uploads\/2022\/03\/Logo_p.png","contentUrl":"https:\/\/www.periciadocumental.es\/wp-content\/uploads\/2022\/03\/Logo_p.png","width":299,"height":58,"caption":"Iv\u00e1n"},"logo":{"@id":"https:\/\/www.periciadocumental.es\/#\/schema\/person\/image\/"}}]}},"_links":{"self":[{"href":"https:\/\/www.periciadocumental.es\/index.php\/wp-json\/wp\/v2\/pages\/625","targetHints":{"allow":["GET"]}}],"collection":[{"href":"https:\/\/www.periciadocumental.es\/index.php\/wp-json\/wp\/v2\/pages"}],"about":[{"href":"https:\/\/www.periciadocumental.es\/index.php\/wp-json\/wp\/v2\/types\/page"}],"author":[{"embeddable":true,"href":"https:\/\/www.periciadocumental.es\/index.php\/wp-json\/wp\/v2\/users\/1"}],"replies":[{"embeddable":true,"href":"https:\/\/www.periciadocumental.es\/index.php\/wp-json\/wp\/v2\/comments?post=625"}],"version-history":[{"count":32,"href":"https:\/\/www.periciadocumental.es\/index.php\/wp-json\/wp\/v2\/pages\/625\/revisions"}],"predecessor-version":[{"id":779,"href":"https:\/\/www.periciadocumental.es\/index.php\/wp-json\/wp\/v2\/pages\/625\/revisions\/779"}],"wp:featuredmedia":[{"embeddable":true,"href":"https:\/\/www.periciadocumental.es\/index.php\/wp-json\/wp\/v2\/media\/656"}],"wp:attachment":[{"href":"https:\/\/www.periciadocumental.es\/index.php\/wp-json\/wp\/v2\/media?parent=625"}],"curies":[{"name":"wp","href":"https:\/\/api.w.org\/{rel}","templated":true}]}}