{"id":28,"date":"2016-03-15T17:49:37","date_gmt":"2016-03-15T17:49:37","guid":{"rendered":"http:\/\/www.periciadocumental.es\/?page_id=28"},"modified":"2017-08-05T16:32:52","modified_gmt":"2017-08-05T16:32:52","slug":"inicio-2","status":"publish","type":"page","link":"https:\/\/www.periciadocumental.es\/index.php\/servicios\/inicio-2\/","title":{"rendered":"Periciales"},"content":{"rendered":"<figure id=\"attachment_85\" aria-describedby=\"caption-attachment-85\" style=\"width: 674px\" class=\"wp-caption aligncenter\"><img loading=\"lazy\" decoding=\"async\" class=\"size-full wp-image-85\" src=\"http:\/\/www.periciadocumental.es\/wp-content\/uploads\/2016\/03\/microweb-1.jpg\" alt=\"Fotograf\u00eda miscrosc\u00f3pica con ocular electr\u00f3nico.\" width=\"674\" height=\"406\" srcset=\"https:\/\/www.periciadocumental.es\/wp-content\/uploads\/2016\/03\/microweb-1.jpg 674w, https:\/\/www.periciadocumental.es\/wp-content\/uploads\/2016\/03\/microweb-1-300x181.jpg 300w, https:\/\/www.periciadocumental.es\/wp-content\/uploads\/2016\/03\/microweb-1-581x350.jpg 581w\" sizes=\"auto, (max-width: 674px) 100vw, 674px\" \/><figcaption id=\"caption-attachment-85\" class=\"wp-caption-text\">Fotograf\u00eda miscrosc\u00f3pica con ocular electr\u00f3nico.<\/figcaption><\/figure>\n<h3><strong>Eso es lo que hago: Informes o periciales de calidad en artes gr\u00e1ficas para ilustrar demandas judiciales o mediaciones, documentoscopia y \u00a0 pericias en graf\u00edstica. <\/strong><\/h3>\n<p>Estas son mis especialidades y las disciplinas que verdaderamente controlo con garant\u00edas. Y esto no es el producto de dos meses de formaci\u00f3n o un curso online, que, por cierto,\u00a0 tambi\u00e9n\u00a0 tengo\u00a0 en mi haber como complemento. Son muchos los a\u00f1os de trabajo que hay\u00a0 detr\u00e1s, de labor diaria que te habilitan para realizar una pericial solvente; necesariamente hay que actualizarse cada cierto tiempo porque la tecnolog\u00eda avanza r\u00e1pido y los m\u00e9todos deben de hacerlo tambi\u00e9n.<\/p>\n<p>Como soy coleccionista de billetes antiguos (notafilia)\u00a0 y especialista en t\u00e9cnicas antiguas de impresi\u00f3n y s\u00e9 lo que se mueve por ah\u00ed, tambi\u00e9n realizo peritaciones de documentos antiguos, ya sea papel timbrado, billetes espa\u00f1oles, bonos hist\u00f3ricos o sellos.<\/p>\n<h3><strong>ESPECIALIDADES<\/strong><\/h3>\n<ul>\n<li>Documentoscopia<\/li>\n<li>Pericias judiciales en artes gr\u00e1ficas y\/o documentoscopia<\/li>\n<li>Informes privados<\/li>\n<li>Filatelia, notafilia,&#8230;<\/li>\n<li>Certificado de autenticidad de bonos hist\u00f3ricos<\/li>\n<li>Fotograf\u00eda de graffitis<\/li>\n<li>Fotograf\u00eda de producto o de arte con gesti\u00f3n de color<\/li>\n<\/ul>\n<figure id=\"attachment_869\" aria-describedby=\"caption-attachment-869\" style=\"width: 700px\" class=\"wp-caption aligncenter\"><a href=\"impreso\"><img loading=\"lazy\" decoding=\"async\" class=\"wp-image-869\" src=\"http:\/\/www.periciadocumental.es\/wp-content\/uploads\/2016\/03\/500.jpg\" alt=\"Control de color en impreso\" width=\"700\" height=\"633\" srcset=\"https:\/\/www.periciadocumental.es\/wp-content\/uploads\/2016\/03\/500.jpg 800w, https:\/\/www.periciadocumental.es\/wp-content\/uploads\/2016\/03\/500-300x272.jpg 300w, https:\/\/www.periciadocumental.es\/wp-content\/uploads\/2016\/03\/500-768x695.jpg 768w\" sizes=\"auto, (max-width: 700px) 100vw, 700px\" \/><\/a><figcaption id=\"caption-attachment-869\" class=\"wp-caption-text\">Control de color en impreso<\/figcaption><\/figure>\n<p>La fotograf\u00eda de arte y digitalizaci\u00f3n con destino a ilustraci\u00f3n de los informes se realiza con carta de color, luz normalizada o luz forense (UV o infrarroja)\u00a0 y realizando una gesti\u00f3n de color adecuada en la pos-producci\u00f3n. Tenemos <a href=\"http:\/\/www.periciadocumental.es\/index.php\/recursos\/fotografia-profesional\/\">servicio de fotograf\u00eda<\/a> de producto y de obras de arte.\u00a0 Y tambi\u00e9n dispongo de instrumentos de medici\u00f3n de color industriales. Cualquier dato que incluyo en mis informes va respaldado por normativas ISO espec\u00edficas de calidad.<\/p>\n<p>&nbsp;<\/p>\n<figure id=\"attachment_92\" aria-describedby=\"caption-attachment-92\" style=\"width: 700px\" class=\"wp-caption aligncenter\"><img loading=\"lazy\" decoding=\"async\" class=\"wp-image-92 size-full\" src=\"http:\/\/www.periciadocumental.es\/wp-content\/uploads\/2016\/03\/uv.jpg\" alt=\"Luz UV para detecci\u00f3n de elementos ocultos en el documento.\" width=\"700\" height=\"433\" srcset=\"https:\/\/www.periciadocumental.es\/wp-content\/uploads\/2016\/03\/uv.jpg 700w, https:\/\/www.periciadocumental.es\/wp-content\/uploads\/2016\/03\/uv-300x186.jpg 300w, https:\/\/www.periciadocumental.es\/wp-content\/uploads\/2016\/03\/uv-566x350.jpg 566w\" sizes=\"auto, (max-width: 700px) 100vw, 700px\" \/><figcaption id=\"caption-attachment-92\" class=\"wp-caption-text\">Luz UV para detecci\u00f3n de elementos ocultos en el documento.<\/figcaption><\/figure>\n<p>Podr\u00eda extenderme m\u00e1s y llenar esta p\u00e1gina de texto, pero prefiero ser sucinto.\u00a0 Si tiene un problema con tu trabajo gr\u00e1fico o quiere peritar o un documento ya sea actual o antiguo, fotografiar algo con garant\u00edas de que el color ser\u00e1 real en su versi\u00f3n digitalizada,\u00a0 podemos hacer algo. Ll\u00e1meme y lo hablamos. Atiendo de forma presencial en el \u00e1rea geogr\u00e1fica de\u00a0 Cantabria y Bizkaia.<\/p>\n","protected":false},"excerpt":{"rendered":"<p>Eso es lo que hago: Informes o periciales de calidad en artes gr\u00e1ficas para ilustrar demandas judiciales o mediaciones, documentoscopia y \u00a0 pericias en graf\u00edstica. Estas son mis especialidades y las disciplinas que verdaderamente controlo con garant\u00edas. Y esto no es el producto de dos meses de formaci\u00f3n o un&#8230;<\/p>\n","protected":false},"author":1,"featured_media":92,"parent":529,"menu_order":0,"comment_status":"closed","ping_status":"closed","template":"templates\/full-width-page.php","meta":{"footnotes":""},"class_list":["post-28","page","type-page","status-publish","has-post-thumbnail","hentry"],"yoast_head":"<!-- This site is optimized with the Yoast SEO plugin v25.7 - https:\/\/yoast.com\/wordpress\/plugins\/seo\/ -->\n<title>Periciales - Pericia Documental<\/title>\n<meta name=\"description\" content=\"Periciales en artes gr\u00e1ficas, documentoscopia y caligraf\u00eda; fotograf\u00eda de producto y formaci\u00f3n en gesti\u00f3n de color digital. \u00c1rea de Bizkaia y Cantabria.\" \/>\n<meta name=\"robots\" content=\"index, follow, max-snippet:-1, max-image-preview:large, max-video-preview:-1\" \/>\n<link rel=\"canonical\" href=\"https:\/\/www.periciadocumental.es\/index.php\/servicios\/inicio-2\/\" \/>\n<meta property=\"og:locale\" content=\"es_ES\" \/>\n<meta property=\"og:type\" content=\"article\" \/>\n<meta property=\"og:title\" content=\"Periciales - Pericia Documental\" \/>\n<meta property=\"og:description\" content=\"Periciales en artes gr\u00e1ficas, documentoscopia y caligraf\u00eda; fotograf\u00eda de producto y formaci\u00f3n en gesti\u00f3n de color digital. \u00c1rea de Bizkaia y Cantabria.\" \/>\n<meta property=\"og:url\" content=\"https:\/\/www.periciadocumental.es\/index.php\/servicios\/inicio-2\/\" \/>\n<meta property=\"og:site_name\" content=\"Pericia Documental\" \/>\n<meta property=\"article:modified_time\" content=\"2017-08-05T16:32:52+00:00\" \/>\n<meta property=\"og:image\" content=\"https:\/\/www.periciadocumental.es\/wp-content\/uploads\/2016\/03\/uv.jpg\" \/>\n\t<meta property=\"og:image:width\" content=\"700\" \/>\n\t<meta property=\"og:image:height\" content=\"433\" \/>\n\t<meta property=\"og:image:type\" content=\"image\/jpeg\" \/>\n<meta name=\"twitter:card\" content=\"summary_large_image\" \/>\n<meta name=\"twitter:label1\" content=\"Tiempo de lectura\" \/>\n\t<meta name=\"twitter:data1\" content=\"2 minutos\" \/>\n<script type=\"application\/ld+json\" class=\"yoast-schema-graph\">{\"@context\":\"https:\/\/schema.org\",\"@graph\":[{\"@type\":\"WebPage\",\"@id\":\"https:\/\/www.periciadocumental.es\/index.php\/servicios\/inicio-2\/\",\"url\":\"https:\/\/www.periciadocumental.es\/index.php\/servicios\/inicio-2\/\",\"name\":\"Periciales - Pericia Documental\",\"isPartOf\":{\"@id\":\"https:\/\/www.periciadocumental.es\/#website\"},\"primaryImageOfPage\":{\"@id\":\"https:\/\/www.periciadocumental.es\/index.php\/servicios\/inicio-2\/#primaryimage\"},\"image\":{\"@id\":\"https:\/\/www.periciadocumental.es\/index.php\/servicios\/inicio-2\/#primaryimage\"},\"thumbnailUrl\":\"https:\/\/www.periciadocumental.es\/wp-content\/uploads\/2016\/03\/uv.jpg\",\"datePublished\":\"2016-03-15T17:49:37+00:00\",\"dateModified\":\"2017-08-05T16:32:52+00:00\",\"description\":\"Periciales en artes gr\u00e1ficas, documentoscopia y caligraf\u00eda; fotograf\u00eda de producto y formaci\u00f3n en gesti\u00f3n de color digital. \u00c1rea de Bizkaia y Cantabria.\",\"breadcrumb\":{\"@id\":\"https:\/\/www.periciadocumental.es\/index.php\/servicios\/inicio-2\/#breadcrumb\"},\"inLanguage\":\"es\",\"potentialAction\":[{\"@type\":\"ReadAction\",\"target\":[\"https:\/\/www.periciadocumental.es\/index.php\/servicios\/inicio-2\/\"]}]},{\"@type\":\"ImageObject\",\"inLanguage\":\"es\",\"@id\":\"https:\/\/www.periciadocumental.es\/index.php\/servicios\/inicio-2\/#primaryimage\",\"url\":\"https:\/\/www.periciadocumental.es\/wp-content\/uploads\/2016\/03\/uv.jpg\",\"contentUrl\":\"https:\/\/www.periciadocumental.es\/wp-content\/uploads\/2016\/03\/uv.jpg\",\"width\":700,\"height\":433,\"caption\":\"Luz UV para detecci\u00f3n de elementos ocultos en el documento.\"},{\"@type\":\"BreadcrumbList\",\"@id\":\"https:\/\/www.periciadocumental.es\/index.php\/servicios\/inicio-2\/#breadcrumb\",\"itemListElement\":[{\"@type\":\"ListItem\",\"position\":1,\"name\":\"Portada\",\"item\":\"https:\/\/www.periciadocumental.es\/\"},{\"@type\":\"ListItem\",\"position\":2,\"name\":\"Servicios profesionales\",\"item\":\"https:\/\/www.periciadocumental.es\/index.php\/servicios\/\"},{\"@type\":\"ListItem\",\"position\":3,\"name\":\"Periciales\"}]},{\"@type\":\"WebSite\",\"@id\":\"https:\/\/www.periciadocumental.es\/#website\",\"url\":\"https:\/\/www.periciadocumental.es\/\",\"name\":\"Pericia Documental\",\"description\":\"\",\"publisher\":{\"@id\":\"https:\/\/www.periciadocumental.es\/#\/schema\/person\/33d1b5f3f9e7bf3cdbd467540db25a3f\"},\"potentialAction\":[{\"@type\":\"SearchAction\",\"target\":{\"@type\":\"EntryPoint\",\"urlTemplate\":\"https:\/\/www.periciadocumental.es\/?s={search_term_string}\"},\"query-input\":{\"@type\":\"PropertyValueSpecification\",\"valueRequired\":true,\"valueName\":\"search_term_string\"}}],\"inLanguage\":\"es\"},{\"@type\":[\"Person\",\"Organization\"],\"@id\":\"https:\/\/www.periciadocumental.es\/#\/schema\/person\/33d1b5f3f9e7bf3cdbd467540db25a3f\",\"name\":\"Iv\u00e1n\",\"image\":{\"@type\":\"ImageObject\",\"inLanguage\":\"es\",\"@id\":\"https:\/\/www.periciadocumental.es\/#\/schema\/person\/image\/\",\"url\":\"https:\/\/www.periciadocumental.es\/wp-content\/uploads\/2022\/03\/Logo_p.png\",\"contentUrl\":\"https:\/\/www.periciadocumental.es\/wp-content\/uploads\/2022\/03\/Logo_p.png\",\"width\":299,\"height\":58,\"caption\":\"Iv\u00e1n\"},\"logo\":{\"@id\":\"https:\/\/www.periciadocumental.es\/#\/schema\/person\/image\/\"}}]}<\/script>\n<!-- \/ Yoast SEO plugin. -->","yoast_head_json":{"title":"Periciales - Pericia Documental","description":"Periciales en artes gr\u00e1ficas, documentoscopia y caligraf\u00eda; fotograf\u00eda de producto y formaci\u00f3n en gesti\u00f3n de color digital. \u00c1rea de Bizkaia y Cantabria.","robots":{"index":"index","follow":"follow","max-snippet":"max-snippet:-1","max-image-preview":"max-image-preview:large","max-video-preview":"max-video-preview:-1"},"canonical":"https:\/\/www.periciadocumental.es\/index.php\/servicios\/inicio-2\/","og_locale":"es_ES","og_type":"article","og_title":"Periciales - Pericia Documental","og_description":"Periciales en artes gr\u00e1ficas, documentoscopia y caligraf\u00eda; fotograf\u00eda de producto y formaci\u00f3n en gesti\u00f3n de color digital. \u00c1rea de Bizkaia y Cantabria.","og_url":"https:\/\/www.periciadocumental.es\/index.php\/servicios\/inicio-2\/","og_site_name":"Pericia Documental","article_modified_time":"2017-08-05T16:32:52+00:00","og_image":[{"width":700,"height":433,"url":"https:\/\/www.periciadocumental.es\/wp-content\/uploads\/2016\/03\/uv.jpg","type":"image\/jpeg"}],"twitter_card":"summary_large_image","twitter_misc":{"Tiempo de lectura":"2 minutos"},"schema":{"@context":"https:\/\/schema.org","@graph":[{"@type":"WebPage","@id":"https:\/\/www.periciadocumental.es\/index.php\/servicios\/inicio-2\/","url":"https:\/\/www.periciadocumental.es\/index.php\/servicios\/inicio-2\/","name":"Periciales - Pericia Documental","isPartOf":{"@id":"https:\/\/www.periciadocumental.es\/#website"},"primaryImageOfPage":{"@id":"https:\/\/www.periciadocumental.es\/index.php\/servicios\/inicio-2\/#primaryimage"},"image":{"@id":"https:\/\/www.periciadocumental.es\/index.php\/servicios\/inicio-2\/#primaryimage"},"thumbnailUrl":"https:\/\/www.periciadocumental.es\/wp-content\/uploads\/2016\/03\/uv.jpg","datePublished":"2016-03-15T17:49:37+00:00","dateModified":"2017-08-05T16:32:52+00:00","description":"Periciales en artes gr\u00e1ficas, documentoscopia y caligraf\u00eda; fotograf\u00eda de producto y formaci\u00f3n en gesti\u00f3n de color digital. \u00c1rea de Bizkaia y Cantabria.","breadcrumb":{"@id":"https:\/\/www.periciadocumental.es\/index.php\/servicios\/inicio-2\/#breadcrumb"},"inLanguage":"es","potentialAction":[{"@type":"ReadAction","target":["https:\/\/www.periciadocumental.es\/index.php\/servicios\/inicio-2\/"]}]},{"@type":"ImageObject","inLanguage":"es","@id":"https:\/\/www.periciadocumental.es\/index.php\/servicios\/inicio-2\/#primaryimage","url":"https:\/\/www.periciadocumental.es\/wp-content\/uploads\/2016\/03\/uv.jpg","contentUrl":"https:\/\/www.periciadocumental.es\/wp-content\/uploads\/2016\/03\/uv.jpg","width":700,"height":433,"caption":"Luz UV para detecci\u00f3n de elementos ocultos en el documento."},{"@type":"BreadcrumbList","@id":"https:\/\/www.periciadocumental.es\/index.php\/servicios\/inicio-2\/#breadcrumb","itemListElement":[{"@type":"ListItem","position":1,"name":"Portada","item":"https:\/\/www.periciadocumental.es\/"},{"@type":"ListItem","position":2,"name":"Servicios profesionales","item":"https:\/\/www.periciadocumental.es\/index.php\/servicios\/"},{"@type":"ListItem","position":3,"name":"Periciales"}]},{"@type":"WebSite","@id":"https:\/\/www.periciadocumental.es\/#website","url":"https:\/\/www.periciadocumental.es\/","name":"Pericia Documental","description":"","publisher":{"@id":"https:\/\/www.periciadocumental.es\/#\/schema\/person\/33d1b5f3f9e7bf3cdbd467540db25a3f"},"potentialAction":[{"@type":"SearchAction","target":{"@type":"EntryPoint","urlTemplate":"https:\/\/www.periciadocumental.es\/?s={search_term_string}"},"query-input":{"@type":"PropertyValueSpecification","valueRequired":true,"valueName":"search_term_string"}}],"inLanguage":"es"},{"@type":["Person","Organization"],"@id":"https:\/\/www.periciadocumental.es\/#\/schema\/person\/33d1b5f3f9e7bf3cdbd467540db25a3f","name":"Iv\u00e1n","image":{"@type":"ImageObject","inLanguage":"es","@id":"https:\/\/www.periciadocumental.es\/#\/schema\/person\/image\/","url":"https:\/\/www.periciadocumental.es\/wp-content\/uploads\/2022\/03\/Logo_p.png","contentUrl":"https:\/\/www.periciadocumental.es\/wp-content\/uploads\/2022\/03\/Logo_p.png","width":299,"height":58,"caption":"Iv\u00e1n"},"logo":{"@id":"https:\/\/www.periciadocumental.es\/#\/schema\/person\/image\/"}}]}},"_links":{"self":[{"href":"https:\/\/www.periciadocumental.es\/index.php\/wp-json\/wp\/v2\/pages\/28","targetHints":{"allow":["GET"]}}],"collection":[{"href":"https:\/\/www.periciadocumental.es\/index.php\/wp-json\/wp\/v2\/pages"}],"about":[{"href":"https:\/\/www.periciadocumental.es\/index.php\/wp-json\/wp\/v2\/types\/page"}],"author":[{"embeddable":true,"href":"https:\/\/www.periciadocumental.es\/index.php\/wp-json\/wp\/v2\/users\/1"}],"replies":[{"embeddable":true,"href":"https:\/\/www.periciadocumental.es\/index.php\/wp-json\/wp\/v2\/comments?post=28"}],"version-history":[{"count":33,"href":"https:\/\/www.periciadocumental.es\/index.php\/wp-json\/wp\/v2\/pages\/28\/revisions"}],"predecessor-version":[{"id":221,"href":"https:\/\/www.periciadocumental.es\/index.php\/wp-json\/wp\/v2\/pages\/28\/revisions\/221"}],"up":[{"embeddable":true,"href":"https:\/\/www.periciadocumental.es\/index.php\/wp-json\/wp\/v2\/pages\/529"}],"wp:featuredmedia":[{"embeddable":true,"href":"https:\/\/www.periciadocumental.es\/index.php\/wp-json\/wp\/v2\/media\/92"}],"wp:attachment":[{"href":"https:\/\/www.periciadocumental.es\/index.php\/wp-json\/wp\/v2\/media?parent=28"}],"curies":[{"name":"wp","href":"https:\/\/api.w.org\/{rel}","templated":true}]}}