{"id":268,"date":"2016-05-10T19:49:16","date_gmt":"2016-05-10T19:49:16","guid":{"rendered":"http:\/\/www.periciadocumental.es\/?page_id=268"},"modified":"2017-03-03T20:41:54","modified_gmt":"2017-03-03T20:41:54","slug":"formacion","status":"publish","type":"page","link":"https:\/\/www.periciadocumental.es\/index.php\/servicios\/formacion\/","title":{"rendered":"Formaci\u00f3n"},"content":{"rendered":"<h3><strong>Realizo cursos de iniciaci\u00f3n en la gesti\u00f3n de color a trav\u00e9s de la asociaci\u00f3n Txokogr\u00e1fico. Podemos realizarlos en alguno de nuestros locales colaboradores de Bilbao\u00a0 o en su lugar de trabajo. Nuestra idea es potenciar la formaci\u00f3n de nuestros usuarios, el\u00a0 personal de su empresa o su peque\u00f1o negocio para que\u00a0 adquiera un nivel de dominio productivo\u00a0 en materia de gesti\u00f3n de color.<br \/>\n<\/strong><\/h3>\n<p>\n<img loading=\"lazy\" decoding=\"async\" class=\"aligncenter wp-image-279 size-full\" src=\"http:\/\/www.periciadocumental.es\/wp-content\/uploads\/2016\/05\/Curso-Matiko-5-1.jpg\" width=\"581\" height=\"469\" srcset=\"https:\/\/www.periciadocumental.es\/wp-content\/uploads\/2016\/05\/Curso-Matiko-5-1.jpg 581w, https:\/\/www.periciadocumental.es\/wp-content\/uploads\/2016\/05\/Curso-Matiko-5-1-300x242.jpg 300w, https:\/\/www.periciadocumental.es\/wp-content\/uploads\/2016\/05\/Curso-Matiko-5-1-434x350.jpg 434w\" sizes=\"auto, (max-width: 581px) 100vw, 581px\" \/><br \/>\n<br \/>\nCon nuestros cursos lograr\u00e1 el conocimiento y manejo pr\u00e1ctico fundamentales para calibrar y controlar el color de manera eficiente en los procesos digitales que afectan a la imagen, desde la adquisici\u00f3n de \u00e9stas a trav\u00e9s de c\u00e1maras o esc\u00e1neres hasta la reproducci\u00f3n\u00a0 en diversos tipos de impresi\u00f3n. Incluiremos perfilados de c\u00e1mara con carta de color, pr\u00e1cticas de calibraci\u00f3n de monitor bajo los est\u00e1ndares europeos y creaci\u00f3n de perfiles de color icc de entrada y de salida con los programas inform\u00e1ticos m\u00e1s utilizados en el mercado internacional hoy en d\u00eda. Para ello, habr\u00e1 que entender los conceptos b\u00e1sicos de la gesti\u00f3n de color y los m\u00e9todos de implementaci\u00f3n.<br \/>\n<br \/>\n<img loading=\"lazy\" decoding=\"async\" class=\"aligncenter wp-image-691\" src=\"http:\/\/www.periciadocumental.es\/wp-content\/uploads\/2016\/05\/Parches-1024x676.jpg\" alt=\"parches\" width=\"595\" height=\"393\" srcset=\"https:\/\/www.periciadocumental.es\/wp-content\/uploads\/2016\/05\/Parches-1024x676.jpg 1024w, https:\/\/www.periciadocumental.es\/wp-content\/uploads\/2016\/05\/Parches-300x198.jpg 300w, https:\/\/www.periciadocumental.es\/wp-content\/uploads\/2016\/05\/Parches-768x507.jpg 768w, https:\/\/www.periciadocumental.es\/wp-content\/uploads\/2016\/05\/Parches-900x594.jpg 900w, https:\/\/www.periciadocumental.es\/wp-content\/uploads\/2016\/05\/Parches.jpg 1162w\" sizes=\"auto, (max-width: 595px) 100vw, 595px\" \/><br \/>\n<br \/>\nLos grupos ser\u00e1n siempre reducidos y muy pr\u00e1cticos. Nos podemos adaptar a sus necesidades formativas y realizar un curso \u00aba la carta\u00bb siempre dentro de nuestras posibilidades. Consulte sin compromiso condiciones y tarifas.<br \/>\nSi desea m\u00e1s informaci\u00f3n sobre fechas, precios y temarios, acceda a nuestra p\u00e1gina<\/p>\n<h3 style=\"text-align: center;\"><a href=\"http:\/\/fotografiaycolor.es\/\" target=\"_blank\">FOTOGRAFIAYCOLOR<\/a><\/h3>\n","protected":false},"excerpt":{"rendered":"<p>Realizo cursos de iniciaci\u00f3n en la gesti\u00f3n de color a trav\u00e9s de la asociaci\u00f3n Txokogr\u00e1fico. Podemos realizarlos en alguno de nuestros locales colaboradores de Bilbao\u00a0 o en su lugar de trabajo. Nuestra idea es potenciar la formaci\u00f3n de nuestros usuarios, el\u00a0 personal de su empresa o su peque\u00f1o negocio para&#8230;<\/p>\n","protected":false},"author":1,"featured_media":281,"parent":529,"menu_order":0,"comment_status":"closed","ping_status":"closed","template":"templates\/full-width-page.php","meta":{"footnotes":""},"class_list":["post-268","page","type-page","status-publish","has-post-thumbnail","hentry"],"yoast_head":"<!-- This site is optimized with the Yoast SEO plugin v25.7 - https:\/\/yoast.com\/wordpress\/plugins\/seo\/ -->\n<title>Formaci\u00f3n - Pericia Documental<\/title>\n<meta name=\"description\" content=\"Cursos sobre gesti\u00f3n de color y t\u00e9cnicas fotogr\u00e1ficas avanzadas con c\u00e1mara r\u00e9flex.\" \/>\n<meta name=\"robots\" content=\"index, follow, max-snippet:-1, max-image-preview:large, max-video-preview:-1\" \/>\n<link rel=\"canonical\" href=\"https:\/\/www.periciadocumental.es\/index.php\/servicios\/formacion\/\" \/>\n<meta property=\"og:locale\" content=\"es_ES\" \/>\n<meta property=\"og:type\" content=\"article\" \/>\n<meta property=\"og:title\" content=\"Formaci\u00f3n - Pericia Documental\" \/>\n<meta property=\"og:description\" content=\"Cursos sobre gesti\u00f3n de color y t\u00e9cnicas fotogr\u00e1ficas avanzadas con c\u00e1mara r\u00e9flex.\" \/>\n<meta property=\"og:url\" content=\"https:\/\/www.periciadocumental.es\/index.php\/servicios\/formacion\/\" \/>\n<meta property=\"og:site_name\" content=\"Pericia Documental\" \/>\n<meta property=\"article:modified_time\" content=\"2017-03-03T20:41:54+00:00\" \/>\n<meta property=\"og:image\" content=\"https:\/\/www.periciadocumental.es\/wp-content\/uploads\/2016\/05\/Color.jpg\" \/>\n\t<meta property=\"og:image:width\" content=\"1116\" \/>\n\t<meta property=\"og:image:height\" content=\"824\" \/>\n\t<meta property=\"og:image:type\" content=\"image\/jpeg\" \/>\n<meta name=\"twitter:card\" content=\"summary_large_image\" \/>\n<meta name=\"twitter:label1\" content=\"Tiempo de lectura\" \/>\n\t<meta name=\"twitter:data1\" content=\"1 minuto\" \/>\n<script type=\"application\/ld+json\" class=\"yoast-schema-graph\">{\"@context\":\"https:\/\/schema.org\",\"@graph\":[{\"@type\":\"WebPage\",\"@id\":\"https:\/\/www.periciadocumental.es\/index.php\/servicios\/formacion\/\",\"url\":\"https:\/\/www.periciadocumental.es\/index.php\/servicios\/formacion\/\",\"name\":\"Formaci\u00f3n - Pericia Documental\",\"isPartOf\":{\"@id\":\"https:\/\/www.periciadocumental.es\/#website\"},\"primaryImageOfPage\":{\"@id\":\"https:\/\/www.periciadocumental.es\/index.php\/servicios\/formacion\/#primaryimage\"},\"image\":{\"@id\":\"https:\/\/www.periciadocumental.es\/index.php\/servicios\/formacion\/#primaryimage\"},\"thumbnailUrl\":\"https:\/\/www.periciadocumental.es\/wp-content\/uploads\/2016\/05\/Color.jpg\",\"datePublished\":\"2016-05-10T19:49:16+00:00\",\"dateModified\":\"2017-03-03T20:41:54+00:00\",\"description\":\"Cursos sobre gesti\u00f3n de color y t\u00e9cnicas fotogr\u00e1ficas avanzadas con c\u00e1mara r\u00e9flex.\",\"breadcrumb\":{\"@id\":\"https:\/\/www.periciadocumental.es\/index.php\/servicios\/formacion\/#breadcrumb\"},\"inLanguage\":\"es\",\"potentialAction\":[{\"@type\":\"ReadAction\",\"target\":[\"https:\/\/www.periciadocumental.es\/index.php\/servicios\/formacion\/\"]}]},{\"@type\":\"ImageObject\",\"inLanguage\":\"es\",\"@id\":\"https:\/\/www.periciadocumental.es\/index.php\/servicios\/formacion\/#primaryimage\",\"url\":\"https:\/\/www.periciadocumental.es\/wp-content\/uploads\/2016\/05\/Color.jpg\",\"contentUrl\":\"https:\/\/www.periciadocumental.es\/wp-content\/uploads\/2016\/05\/Color.jpg\",\"width\":1116,\"height\":824},{\"@type\":\"BreadcrumbList\",\"@id\":\"https:\/\/www.periciadocumental.es\/index.php\/servicios\/formacion\/#breadcrumb\",\"itemListElement\":[{\"@type\":\"ListItem\",\"position\":1,\"name\":\"Portada\",\"item\":\"https:\/\/www.periciadocumental.es\/\"},{\"@type\":\"ListItem\",\"position\":2,\"name\":\"Servicios profesionales\",\"item\":\"https:\/\/www.periciadocumental.es\/index.php\/servicios\/\"},{\"@type\":\"ListItem\",\"position\":3,\"name\":\"Formaci\u00f3n\"}]},{\"@type\":\"WebSite\",\"@id\":\"https:\/\/www.periciadocumental.es\/#website\",\"url\":\"https:\/\/www.periciadocumental.es\/\",\"name\":\"Pericia Documental\",\"description\":\"\",\"publisher\":{\"@id\":\"https:\/\/www.periciadocumental.es\/#\/schema\/person\/33d1b5f3f9e7bf3cdbd467540db25a3f\"},\"potentialAction\":[{\"@type\":\"SearchAction\",\"target\":{\"@type\":\"EntryPoint\",\"urlTemplate\":\"https:\/\/www.periciadocumental.es\/?s={search_term_string}\"},\"query-input\":{\"@type\":\"PropertyValueSpecification\",\"valueRequired\":true,\"valueName\":\"search_term_string\"}}],\"inLanguage\":\"es\"},{\"@type\":[\"Person\",\"Organization\"],\"@id\":\"https:\/\/www.periciadocumental.es\/#\/schema\/person\/33d1b5f3f9e7bf3cdbd467540db25a3f\",\"name\":\"Iv\u00e1n\",\"image\":{\"@type\":\"ImageObject\",\"inLanguage\":\"es\",\"@id\":\"https:\/\/www.periciadocumental.es\/#\/schema\/person\/image\/\",\"url\":\"https:\/\/www.periciadocumental.es\/wp-content\/uploads\/2022\/03\/Logo_p.png\",\"contentUrl\":\"https:\/\/www.periciadocumental.es\/wp-content\/uploads\/2022\/03\/Logo_p.png\",\"width\":299,\"height\":58,\"caption\":\"Iv\u00e1n\"},\"logo\":{\"@id\":\"https:\/\/www.periciadocumental.es\/#\/schema\/person\/image\/\"}}]}<\/script>\n<!-- \/ Yoast SEO plugin. -->","yoast_head_json":{"title":"Formaci\u00f3n - Pericia Documental","description":"Cursos sobre gesti\u00f3n de color y t\u00e9cnicas fotogr\u00e1ficas avanzadas con c\u00e1mara r\u00e9flex.","robots":{"index":"index","follow":"follow","max-snippet":"max-snippet:-1","max-image-preview":"max-image-preview:large","max-video-preview":"max-video-preview:-1"},"canonical":"https:\/\/www.periciadocumental.es\/index.php\/servicios\/formacion\/","og_locale":"es_ES","og_type":"article","og_title":"Formaci\u00f3n - Pericia Documental","og_description":"Cursos sobre gesti\u00f3n de color y t\u00e9cnicas fotogr\u00e1ficas avanzadas con c\u00e1mara r\u00e9flex.","og_url":"https:\/\/www.periciadocumental.es\/index.php\/servicios\/formacion\/","og_site_name":"Pericia Documental","article_modified_time":"2017-03-03T20:41:54+00:00","og_image":[{"width":1116,"height":824,"url":"https:\/\/www.periciadocumental.es\/wp-content\/uploads\/2016\/05\/Color.jpg","type":"image\/jpeg"}],"twitter_card":"summary_large_image","twitter_misc":{"Tiempo de lectura":"1 minuto"},"schema":{"@context":"https:\/\/schema.org","@graph":[{"@type":"WebPage","@id":"https:\/\/www.periciadocumental.es\/index.php\/servicios\/formacion\/","url":"https:\/\/www.periciadocumental.es\/index.php\/servicios\/formacion\/","name":"Formaci\u00f3n - Pericia Documental","isPartOf":{"@id":"https:\/\/www.periciadocumental.es\/#website"},"primaryImageOfPage":{"@id":"https:\/\/www.periciadocumental.es\/index.php\/servicios\/formacion\/#primaryimage"},"image":{"@id":"https:\/\/www.periciadocumental.es\/index.php\/servicios\/formacion\/#primaryimage"},"thumbnailUrl":"https:\/\/www.periciadocumental.es\/wp-content\/uploads\/2016\/05\/Color.jpg","datePublished":"2016-05-10T19:49:16+00:00","dateModified":"2017-03-03T20:41:54+00:00","description":"Cursos sobre gesti\u00f3n de color y t\u00e9cnicas fotogr\u00e1ficas avanzadas con c\u00e1mara r\u00e9flex.","breadcrumb":{"@id":"https:\/\/www.periciadocumental.es\/index.php\/servicios\/formacion\/#breadcrumb"},"inLanguage":"es","potentialAction":[{"@type":"ReadAction","target":["https:\/\/www.periciadocumental.es\/index.php\/servicios\/formacion\/"]}]},{"@type":"ImageObject","inLanguage":"es","@id":"https:\/\/www.periciadocumental.es\/index.php\/servicios\/formacion\/#primaryimage","url":"https:\/\/www.periciadocumental.es\/wp-content\/uploads\/2016\/05\/Color.jpg","contentUrl":"https:\/\/www.periciadocumental.es\/wp-content\/uploads\/2016\/05\/Color.jpg","width":1116,"height":824},{"@type":"BreadcrumbList","@id":"https:\/\/www.periciadocumental.es\/index.php\/servicios\/formacion\/#breadcrumb","itemListElement":[{"@type":"ListItem","position":1,"name":"Portada","item":"https:\/\/www.periciadocumental.es\/"},{"@type":"ListItem","position":2,"name":"Servicios profesionales","item":"https:\/\/www.periciadocumental.es\/index.php\/servicios\/"},{"@type":"ListItem","position":3,"name":"Formaci\u00f3n"}]},{"@type":"WebSite","@id":"https:\/\/www.periciadocumental.es\/#website","url":"https:\/\/www.periciadocumental.es\/","name":"Pericia Documental","description":"","publisher":{"@id":"https:\/\/www.periciadocumental.es\/#\/schema\/person\/33d1b5f3f9e7bf3cdbd467540db25a3f"},"potentialAction":[{"@type":"SearchAction","target":{"@type":"EntryPoint","urlTemplate":"https:\/\/www.periciadocumental.es\/?s={search_term_string}"},"query-input":{"@type":"PropertyValueSpecification","valueRequired":true,"valueName":"search_term_string"}}],"inLanguage":"es"},{"@type":["Person","Organization"],"@id":"https:\/\/www.periciadocumental.es\/#\/schema\/person\/33d1b5f3f9e7bf3cdbd467540db25a3f","name":"Iv\u00e1n","image":{"@type":"ImageObject","inLanguage":"es","@id":"https:\/\/www.periciadocumental.es\/#\/schema\/person\/image\/","url":"https:\/\/www.periciadocumental.es\/wp-content\/uploads\/2022\/03\/Logo_p.png","contentUrl":"https:\/\/www.periciadocumental.es\/wp-content\/uploads\/2022\/03\/Logo_p.png","width":299,"height":58,"caption":"Iv\u00e1n"},"logo":{"@id":"https:\/\/www.periciadocumental.es\/#\/schema\/person\/image\/"}}]}},"_links":{"self":[{"href":"https:\/\/www.periciadocumental.es\/index.php\/wp-json\/wp\/v2\/pages\/268","targetHints":{"allow":["GET"]}}],"collection":[{"href":"https:\/\/www.periciadocumental.es\/index.php\/wp-json\/wp\/v2\/pages"}],"about":[{"href":"https:\/\/www.periciadocumental.es\/index.php\/wp-json\/wp\/v2\/types\/page"}],"author":[{"embeddable":true,"href":"https:\/\/www.periciadocumental.es\/index.php\/wp-json\/wp\/v2\/users\/1"}],"replies":[{"embeddable":true,"href":"https:\/\/www.periciadocumental.es\/index.php\/wp-json\/wp\/v2\/comments?post=268"}],"version-history":[{"count":23,"href":"https:\/\/www.periciadocumental.es\/index.php\/wp-json\/wp\/v2\/pages\/268\/revisions"}],"predecessor-version":[{"id":880,"href":"https:\/\/www.periciadocumental.es\/index.php\/wp-json\/wp\/v2\/pages\/268\/revisions\/880"}],"up":[{"embeddable":true,"href":"https:\/\/www.periciadocumental.es\/index.php\/wp-json\/wp\/v2\/pages\/529"}],"wp:featuredmedia":[{"embeddable":true,"href":"https:\/\/www.periciadocumental.es\/index.php\/wp-json\/wp\/v2\/media\/281"}],"wp:attachment":[{"href":"https:\/\/www.periciadocumental.es\/index.php\/wp-json\/wp\/v2\/media?parent=268"}],"curies":[{"name":"wp","href":"https:\/\/api.w.org\/{rel}","templated":true}]}}