{"id":2,"date":"2016-03-14T18:29:48","date_gmt":"2016-03-14T18:29:48","guid":{"rendered":"http:\/\/www.periciadocumental.es\/?page_id=2"},"modified":"2022-09-27T14:35:35","modified_gmt":"2022-09-27T14:35:35","slug":"sobre-mi","status":"publish","type":"page","link":"https:\/\/www.periciadocumental.es\/index.php\/sobre-mi\/","title":{"rendered":"Nuestro Equipo"},"content":{"rendered":"<div id=\"pl-2\"  class=\"panel-layout\" ><div id=\"pg-2-0\"  class=\"panel-grid panel-no-style\" ><div id=\"pgc-2-0-0\"  class=\"panel-grid-cell\" ><div id=\"panel-2-0-0-0\" class=\"so-panel widget widget_sow-image panel-first-child\" data-index=\"0\" ><div\n\t\t\t\n\t\t\tclass=\"so-widget-sow-image so-widget-sow-image-default-8b5b6f678277-2\"\n\t\t\t\n\t\t>\n<div class=\"sow-image-container\">\n\t\t<img \n\tsrc=\"https:\/\/www.periciadocumental.es\/wp-content\/uploads\/2022\/03\/ivan.jpg\" width=\"725\" height=\"578\" srcset=\"https:\/\/www.periciadocumental.es\/wp-content\/uploads\/2022\/03\/ivan.jpg 725w, https:\/\/www.periciadocumental.es\/wp-content\/uploads\/2022\/03\/ivan-300x239.jpg 300w\" sizes=\"(max-width: 725px) 100vw, 725px\" alt=\"\" \t\tclass=\"so-widget-image\"\/>\n\t<\/div>\n\n<\/div><\/div><div id=\"panel-2-0-0-1\" class=\"so-panel widget widget_sow-headline\" data-index=\"1\" ><div\n\t\t\t\n\t\t\tclass=\"so-widget-sow-headline so-widget-sow-headline-default-0fda0af1f73f-2\"\n\t\t\t\n\t\t><div class=\"sow-headline-container \">\n\t\t\t\t\t\t\t<h1 class=\"sow-headline\">\n\t\t\t\t\t\tIv\u00e1n Rodr\u00edguez Cort\u00e9s\t\t\t\t\t\t<\/h1>\n\t\t\t\t\t\t\t\t\t\t\t<div class=\"decoration\">\n\t\t\t\t\t\t<div class=\"decoration-inside\"><\/div>\n\t\t\t\t\t<\/div>\n\t\t\t\t\t<\/div>\n<\/div><\/div><div id=\"panel-2-0-0-2\" class=\"so-panel widget widget_text panel-last-child\" data-index=\"2\" >\t\t\t<div class=\"textwidget\"><h3>Perito Judicial Titular en Artes Gr\u00e1ficas, documentoscopia e imagen forense, t\u00e9cnico de calidad en AA.GG. y consultor gr\u00e1fico. T\u00e9cnico Superior en Artes Gr\u00e1ficas. Profesor asociado tres ediciones en la UNED en el Experto Judicial en Artes Gr\u00e1ficas y Serigraf\u00eda.<\/p>\n<p>Apasionado por artes gr\u00e1ficas y los sistemas de impresi\u00f3n antiguos. Conocimientos de litograf\u00eda cl\u00e1sica, tipograf\u00eda de \u00e9poca y sistemas de impresi\u00f3n antiguos en general. Veinte a\u00f1os de experiencia en la Industria Gr\u00e1fica en general. Especialidad en documentos de seguridad, que tuve la oportunidad de aprender y desarrollar en empresa punteras como SIGNE S.A y SEGURIGRAF S.A.<\/h3>\n<\/div>\n\t\t<\/div><\/div><div id=\"pgc-2-0-1\"  class=\"panel-grid-cell\" ><div id=\"panel-2-0-1-0\" class=\"so-panel widget widget_sow-image panel-first-child\" data-index=\"3\" ><div\n\t\t\t\n\t\t\tclass=\"so-widget-sow-image so-widget-sow-image-default-8b5b6f678277-2\"\n\t\t\t\n\t\t>\n<div class=\"sow-image-container\">\n\t\t<img \n\tsrc=\"https:\/\/www.periciadocumental.es\/wp-content\/uploads\/2022\/03\/yo2.jpg\" width=\"725\" height=\"578\" srcset=\"https:\/\/www.periciadocumental.es\/wp-content\/uploads\/2022\/03\/yo2.jpg 725w, https:\/\/www.periciadocumental.es\/wp-content\/uploads\/2022\/03\/yo2-300x239.jpg 300w\" sizes=\"(max-width: 725px) 100vw, 725px\" title=\"Javier Gonzalez\" alt=\"\" \t\tclass=\"so-widget-image\"\/>\n\t<\/div>\n\n<\/div><\/div><div id=\"panel-2-0-1-1\" class=\"so-panel widget widget_sow-headline\" data-index=\"4\" ><div\n\t\t\t\n\t\t\tclass=\"so-widget-sow-headline so-widget-sow-headline-default-0fda0af1f73f-2\"\n\t\t\t\n\t\t><div class=\"sow-headline-container \">\n\t\t\t\t\t\t\t<h1 class=\"sow-headline\">\n\t\t\t\t\t\tJavier Gonz\u00e1lez\t\t\t\t\t\t<\/h1>\n\t\t\t\t\t\t\t\t\t\t\t<div class=\"decoration\">\n\t\t\t\t\t\t<div class=\"decoration-inside\"><\/div>\n\t\t\t\t\t<\/div>\n\t\t\t\t\t<\/div>\n<\/div><\/div><div id=\"panel-2-0-1-2\" class=\"so-panel widget widget_text panel-last-child\" data-index=\"5\" ><div class=\"panel-widget-style panel-widget-style-for-2-0-1-2\" >\t\t\t<div class=\"textwidget\"><h3>Licenciado en Bellas Artes, m\u00e1ster en Tecnolog\u00edas aplicadas a la comunicaci\u00f3n por Tracor Arts School, Director de Arte en Dr. Minsky, Laboratorio de Ideaci\u00f3n S.L. Perito judicial en Propiedad Intelectual y Perito de Arte, pintura y escultura.<\/p>\n<p>Treinta a\u00f1os viviendo el arte y el dise\u00f1o. Gerente de Dr.Minsky con el cargo de Director de Arte. Licenciado en Bellas Artes, con varios m\u00e1ster y expertos universitarios en la materia. Profesor de prototipado de marca en\u00a0<a href=\"https:\/\/www.ehu.eus\/es\/web\/ieae\/mbae3\">MBAe3<\/a>\u00a0 el M\u00e1ster en Emprendimiento y Direcci\u00f3n de Empresas de UPV\/EHU, profesor en INEDI, Instituto Europeo de Dise\u00f1o. \u00a0 Perito experto en Propiedad Intelectual y en Arte, pintura y escultura, con especialidad en siglo XIX y XX. Especialidades en Propiedad Intelectual, falsificaci\u00f3n de marca y plagio en el dise\u00f1o.<\/h3>\n<\/div>\n\t\t<\/div><\/div><\/div><\/div><div id=\"pg-2-1\"  class=\"panel-grid panel-no-style\" ><div id=\"pgc-2-1-0\"  class=\"panel-grid-cell panel-grid-cell-empty panel-grid-cell-mobile-last\" ><\/div><div id=\"pgc-2-1-1\"  class=\"panel-grid-cell panel-grid-cell-empty\" ><\/div><\/div><div id=\"pg-2-2\"  class=\"panel-grid panel-has-style\" ><div class=\"siteorigin-panels-stretch panel-row-style panel-row-style-for-2-2\" data-stretch-type=\"full\" ><div id=\"pgc-2-2-0\"  class=\"panel-grid-cell\" ><div id=\"panel-2-2-0-0\" class=\"so-panel widget widget_sow-headline panel-first-child\" data-index=\"6\" ><div\n\t\t\t\n\t\t\tclass=\"so-widget-sow-headline so-widget-sow-headline-default-14b0d7ad3e9e-2 so-widget-fittext-wrapper\"\n\t\t\t data-fit-text-compressor=\"\"\n\t\t><div class=\"sow-headline-container \">\n\t\t\t\t\t\t\t<h2 class=\"sow-headline\">\n\t\t\t\t\t\t\u00bfC\u00f3mo trabajamos?\t\t\t\t\t\t<\/h2>\n\t\t\t\t\t\t\t\t\t\t\t\t<h3 class=\"sow-sub-headline\">\n\t\t\t\t\t\tTe lo explicamos en tres sencillos pasos\t\t\t\t\t\t<\/h3>\n\t\t\t\t\t\t<\/div>\n<\/div><\/div><div id=\"panel-2-2-0-1\" class=\"so-panel widget widget_sow-features panel-last-child\" data-index=\"7\" ><div\n\t\t\t\n\t\t\tclass=\"so-widget-sow-features so-widget-sow-features-default-231d13811cbb-2\"\n\t\t\t\n\t\t><ul\n\tclass=\"sow-features-list\n\tsow-features-responsive\">\n\n\t\t\t<li\n\t\t\tclass=\"sow-features-feature sow-icon-container-position-top\"\n\t\t\tstyle=\"display: flex; flex-direction: column; width: calc(33.333% - 25px);\"\n\t\t>\n\t\t\t\n\t\t\t\t\t\t<div\n\t\t\t\tclass=\"sow-icon-container sow-container-none\"\n\t\t\t\tstyle=\"color: #404040; \"\n\t\t\t\t\t\t\t>\n\t\t\t\t<span class=\"sow-icon-fontawesome sow-fas\" data-sow-icon=\"&#xf083;\"\n\t\tstyle=\"font-size: 75px; color: #333333\" \n\t\taria-hidden=\"true\"><\/span>\t\t\t<\/div>\n\t\t\t\n\t\t\t<div class=\"textwidget\">\n\t\t\t\t\n\t\t\t\t\t\t\t\t\t<h5 class=\"sow-features-feature-title\">\n\t\t\t\t\t\tRecopilaci\u00f3n de datos\t\t\t\t\t<\/h5>\n\t\t\t\t\n\t\t\t\t\t\t\t\t\t<div class=\"sow-features-feature-text\">\n\t\t\t\t\t<p>Recomendamos un un informe previo de viabilidad con un coste contenido. Si decides seguir para adelante, este importe se descontar\u00e1 del precio final de la pericial. Una vez aceptado el presupuesto\u00a0 normalmente solicitamos el 50% por adelantado. Una vez hecho esto, recabamos los datos, ya sean muestras fotogr\u00e1ficas, mediciones espectrales de color, etc. Es la fase donde reunimos toda la informaci\u00f3n para poder redactar un informe solvente. Ahora con cobertura nacional gracias a la red de peritos de la AEICF y con laboratorios\u00a0 de imagen forense de primer nivel en Madrid. Consulte caracter\u00edsticas de estos servicios.<\/p>\n\t\t\t\t\t<\/div>\n\t\t\t\t\t\t\t\t<\/div>\n\t\t\t\t\t\t\t\t<\/li>\n\n\t\t\t<li\n\t\t\tclass=\"sow-features-feature sow-icon-container-position-top\"\n\t\t\tstyle=\"display: flex; flex-direction: column; width: calc(33.333% - 25px);\"\n\t\t>\n\t\t\t\n\t\t\t\t\t\t<div\n\t\t\t\tclass=\"sow-icon-container sow-container-none\"\n\t\t\t\tstyle=\"color: #404040; \"\n\t\t\t\ttitle=\"Redacci\u00f3n\"\t\t\t>\n\t\t\t\t<span class=\"sow-icon-fontawesome sow-far\" data-sow-icon=\"&#xf044;\"\n\t\tstyle=\"font-size: 75px; color: #333333\" \n\t\taria-hidden=\"true\"><\/span>\t\t\t<\/div>\n\t\t\t\n\t\t\t<div class=\"textwidget\">\n\t\t\t\t\n\t\t\t\t\t\t\t\t\t<h5 class=\"sow-features-feature-title\">\n\t\t\t\t\t\tRedacci\u00f3n\t\t\t\t\t<\/h5>\n\t\t\t\t\n\t\t\t\t\t\t\t\t\t<div class=\"sow-features-feature-text\">\n\t\t\t\t\t<p>Durante esta fase, abrimos una carpeta encriptada en la nube con acceso protegido mediante clave para que el cliente pueda estar al tanto de todos los datos o fotograf\u00edas que se han recopilado y, en el caso de que sea posible, de los borradores del informe final. Se suele tardar de una a dos semanas, dependiendo de la complejidad, en redactar el informe completo, que puede llegar a tener hasta 60-70 p\u00e1ginas. Los informes judiciales son m\u00e1s largos porque hay que cuidar especialmente el l\u00e9xico y evitar brechas legales que lo puedan invalidar.<\/p>\n\t\t\t\t\t<\/div>\n\t\t\t\t\t\t\t\t<\/div>\n\t\t\t\t\t\t\t\t<\/li>\n\n\t\t\t<li\n\t\t\tclass=\"sow-features-feature sow-icon-container-position-top\"\n\t\t\tstyle=\"display: flex; flex-direction: column; width: calc(33.333% - 25px);\"\n\t\t>\n\t\t\t\n\t\t\t\t\t\t<div\n\t\t\t\tclass=\"sow-icon-container sow-container-none\"\n\t\t\t\tstyle=\"color: #404040; \"\n\t\t\t\ttitle=\"Fase final\"\t\t\t>\n\t\t\t\t<span class=\"sow-icon-icomoon\" data-sow-icon=\"&#xe93f;\"\n\t\tstyle=\"font-size: 75px; color: #333333\" \n\t\taria-hidden=\"true\"><\/span>\t\t\t<\/div>\n\t\t\t\n\t\t\t<div class=\"textwidget\">\n\t\t\t\t\n\t\t\t\t\t\t\t\t\t<h5 class=\"sow-features-feature-title\">\n\t\t\t\t\t\tFase final\t\t\t\t\t<\/h5>\n\t\t\t\t\n\t\t\t\t\t\t\t\t\t<div class=\"sow-features-feature-text\">\n\t\t\t\t\t<p>Es muy sencillo, una vez que el informe est\u00e9 finalizado te mandamos un fragmento de \u00e9ste mediante un PDF cerrado que servir\u00e1 para que valores el trabajo final. Una vez abonado el resto de la factura, env\u00edo una copia en papel de la pericial en papel inkjet con gesti\u00f3n de color y una copia en PDF firmada digitalmente con la firma digital de la FNMT, v\u00e1lida legalmente para la firma de documentos. Siempre entrego factura con su IVA correspondiente.<\/p>\n\t\t\t\t\t<\/div>\n\t\t\t\t\t\t\t\t<\/div>\n\t\t\t\t\t\t\t\t<\/li>\n\n\t<\/ul>\n<\/div><\/div><\/div><\/div><\/div><\/div>","protected":false},"excerpt":{"rendered":"<p>Perito Judicial Titular en Artes Gr\u00e1ficas, documentoscopia e imagen forense, t\u00e9cnico de calidad en AA.GG. y consultor gr\u00e1fico. T\u00e9cnico Superior en Artes Gr\u00e1ficas. Profesor asociado tres ediciones en la UNED en el Experto Judicial en Artes Gr\u00e1ficas y Serigraf\u00eda. Apasionado por artes gr\u00e1ficas y los sistemas de impresi\u00f3n antiguos. Conocimientos&#8230;<\/p>\n","protected":false},"author":1,"featured_media":661,"parent":0,"menu_order":0,"comment_status":"closed","ping_status":"open","template":"templates\/full-width-page.php","meta":{"footnotes":""},"class_list":["post-2","page","type-page","status-publish","has-post-thumbnail","hentry"],"yoast_head":"<!-- This site is optimized with the Yoast SEO plugin v25.7 - https:\/\/yoast.com\/wordpress\/plugins\/seo\/ -->\n<title>Nuestro Equipo - Pericia Documental<\/title>\n<meta name=\"description\" content=\"Experto en Artes Gr\u00e1ficas y documentoscopia, profesor asociado en la UNED. Perito judicial en Graf\u00edstica.\" \/>\n<meta name=\"robots\" content=\"index, follow, max-snippet:-1, max-image-preview:large, max-video-preview:-1\" \/>\n<link rel=\"canonical\" href=\"https:\/\/www.periciadocumental.es\/index.php\/sobre-mi\/\" \/>\n<meta property=\"og:locale\" content=\"es_ES\" \/>\n<meta property=\"og:type\" content=\"article\" \/>\n<meta property=\"og:title\" content=\"Nuestro Equipo - Pericia Documental\" \/>\n<meta property=\"og:description\" content=\"Experto en Artes Gr\u00e1ficas y documentoscopia, profesor asociado en la UNED. Perito judicial en Graf\u00edstica.\" \/>\n<meta property=\"og:url\" content=\"https:\/\/www.periciadocumental.es\/index.php\/sobre-mi\/\" \/>\n<meta property=\"og:site_name\" content=\"Pericia Documental\" \/>\n<meta property=\"article:modified_time\" content=\"2022-09-27T14:35:35+00:00\" \/>\n<meta property=\"og:image\" content=\"https:\/\/www.periciadocumental.es\/wp-content\/uploads\/2016\/10\/cropped-cuadro2.jpg\" \/>\n\t<meta property=\"og:image:width\" content=\"1280\" \/>\n\t<meta property=\"og:image:height\" content=\"444\" \/>\n\t<meta property=\"og:image:type\" content=\"image\/jpeg\" \/>\n<meta name=\"twitter:card\" content=\"summary_large_image\" \/>\n<meta name=\"twitter:label1\" content=\"Tiempo de lectura\" \/>\n\t<meta name=\"twitter:data1\" content=\"2 minutos\" \/>\n<script type=\"application\/ld+json\" class=\"yoast-schema-graph\">{\"@context\":\"https:\/\/schema.org\",\"@graph\":[{\"@type\":\"WebPage\",\"@id\":\"https:\/\/www.periciadocumental.es\/index.php\/sobre-mi\/\",\"url\":\"https:\/\/www.periciadocumental.es\/index.php\/sobre-mi\/\",\"name\":\"Nuestro Equipo - Pericia Documental\",\"isPartOf\":{\"@id\":\"https:\/\/www.periciadocumental.es\/#website\"},\"primaryImageOfPage\":{\"@id\":\"https:\/\/www.periciadocumental.es\/index.php\/sobre-mi\/#primaryimage\"},\"image\":{\"@id\":\"https:\/\/www.periciadocumental.es\/index.php\/sobre-mi\/#primaryimage\"},\"thumbnailUrl\":\"https:\/\/www.periciadocumental.es\/wp-content\/uploads\/2016\/10\/cropped-cuadro2.jpg\",\"datePublished\":\"2016-03-14T18:29:48+00:00\",\"dateModified\":\"2022-09-27T14:35:35+00:00\",\"description\":\"Experto en Artes Gr\u00e1ficas y documentoscopia, profesor asociado en la UNED. Perito judicial en Graf\u00edstica.\",\"breadcrumb\":{\"@id\":\"https:\/\/www.periciadocumental.es\/index.php\/sobre-mi\/#breadcrumb\"},\"inLanguage\":\"es\",\"potentialAction\":[{\"@type\":\"ReadAction\",\"target\":[\"https:\/\/www.periciadocumental.es\/index.php\/sobre-mi\/\"]}]},{\"@type\":\"ImageObject\",\"inLanguage\":\"es\",\"@id\":\"https:\/\/www.periciadocumental.es\/index.php\/sobre-mi\/#primaryimage\",\"url\":\"https:\/\/www.periciadocumental.es\/wp-content\/uploads\/2016\/10\/cropped-cuadro2.jpg\",\"contentUrl\":\"https:\/\/www.periciadocumental.es\/wp-content\/uploads\/2016\/10\/cropped-cuadro2.jpg\",\"width\":1280,\"height\":444},{\"@type\":\"BreadcrumbList\",\"@id\":\"https:\/\/www.periciadocumental.es\/index.php\/sobre-mi\/#breadcrumb\",\"itemListElement\":[{\"@type\":\"ListItem\",\"position\":1,\"name\":\"Portada\",\"item\":\"https:\/\/www.periciadocumental.es\/\"},{\"@type\":\"ListItem\",\"position\":2,\"name\":\"Nuestro Equipo\"}]},{\"@type\":\"WebSite\",\"@id\":\"https:\/\/www.periciadocumental.es\/#website\",\"url\":\"https:\/\/www.periciadocumental.es\/\",\"name\":\"Pericia Documental\",\"description\":\"\",\"publisher\":{\"@id\":\"https:\/\/www.periciadocumental.es\/#\/schema\/person\/33d1b5f3f9e7bf3cdbd467540db25a3f\"},\"potentialAction\":[{\"@type\":\"SearchAction\",\"target\":{\"@type\":\"EntryPoint\",\"urlTemplate\":\"https:\/\/www.periciadocumental.es\/?s={search_term_string}\"},\"query-input\":{\"@type\":\"PropertyValueSpecification\",\"valueRequired\":true,\"valueName\":\"search_term_string\"}}],\"inLanguage\":\"es\"},{\"@type\":[\"Person\",\"Organization\"],\"@id\":\"https:\/\/www.periciadocumental.es\/#\/schema\/person\/33d1b5f3f9e7bf3cdbd467540db25a3f\",\"name\":\"Iv\u00e1n\",\"image\":{\"@type\":\"ImageObject\",\"inLanguage\":\"es\",\"@id\":\"https:\/\/www.periciadocumental.es\/#\/schema\/person\/image\/\",\"url\":\"https:\/\/www.periciadocumental.es\/wp-content\/uploads\/2022\/03\/Logo_p.png\",\"contentUrl\":\"https:\/\/www.periciadocumental.es\/wp-content\/uploads\/2022\/03\/Logo_p.png\",\"width\":299,\"height\":58,\"caption\":\"Iv\u00e1n\"},\"logo\":{\"@id\":\"https:\/\/www.periciadocumental.es\/#\/schema\/person\/image\/\"}}]}<\/script>\n<!-- \/ Yoast SEO plugin. -->","yoast_head_json":{"title":"Nuestro Equipo - Pericia Documental","description":"Experto en Artes Gr\u00e1ficas y documentoscopia, profesor asociado en la UNED. Perito judicial en Graf\u00edstica.","robots":{"index":"index","follow":"follow","max-snippet":"max-snippet:-1","max-image-preview":"max-image-preview:large","max-video-preview":"max-video-preview:-1"},"canonical":"https:\/\/www.periciadocumental.es\/index.php\/sobre-mi\/","og_locale":"es_ES","og_type":"article","og_title":"Nuestro Equipo - Pericia Documental","og_description":"Experto en Artes Gr\u00e1ficas y documentoscopia, profesor asociado en la UNED. Perito judicial en Graf\u00edstica.","og_url":"https:\/\/www.periciadocumental.es\/index.php\/sobre-mi\/","og_site_name":"Pericia Documental","article_modified_time":"2022-09-27T14:35:35+00:00","og_image":[{"width":1280,"height":444,"url":"https:\/\/www.periciadocumental.es\/wp-content\/uploads\/2016\/10\/cropped-cuadro2.jpg","type":"image\/jpeg"}],"twitter_card":"summary_large_image","twitter_misc":{"Tiempo de lectura":"2 minutos"},"schema":{"@context":"https:\/\/schema.org","@graph":[{"@type":"WebPage","@id":"https:\/\/www.periciadocumental.es\/index.php\/sobre-mi\/","url":"https:\/\/www.periciadocumental.es\/index.php\/sobre-mi\/","name":"Nuestro Equipo - Pericia Documental","isPartOf":{"@id":"https:\/\/www.periciadocumental.es\/#website"},"primaryImageOfPage":{"@id":"https:\/\/www.periciadocumental.es\/index.php\/sobre-mi\/#primaryimage"},"image":{"@id":"https:\/\/www.periciadocumental.es\/index.php\/sobre-mi\/#primaryimage"},"thumbnailUrl":"https:\/\/www.periciadocumental.es\/wp-content\/uploads\/2016\/10\/cropped-cuadro2.jpg","datePublished":"2016-03-14T18:29:48+00:00","dateModified":"2022-09-27T14:35:35+00:00","description":"Experto en Artes Gr\u00e1ficas y documentoscopia, profesor asociado en la UNED. Perito judicial en Graf\u00edstica.","breadcrumb":{"@id":"https:\/\/www.periciadocumental.es\/index.php\/sobre-mi\/#breadcrumb"},"inLanguage":"es","potentialAction":[{"@type":"ReadAction","target":["https:\/\/www.periciadocumental.es\/index.php\/sobre-mi\/"]}]},{"@type":"ImageObject","inLanguage":"es","@id":"https:\/\/www.periciadocumental.es\/index.php\/sobre-mi\/#primaryimage","url":"https:\/\/www.periciadocumental.es\/wp-content\/uploads\/2016\/10\/cropped-cuadro2.jpg","contentUrl":"https:\/\/www.periciadocumental.es\/wp-content\/uploads\/2016\/10\/cropped-cuadro2.jpg","width":1280,"height":444},{"@type":"BreadcrumbList","@id":"https:\/\/www.periciadocumental.es\/index.php\/sobre-mi\/#breadcrumb","itemListElement":[{"@type":"ListItem","position":1,"name":"Portada","item":"https:\/\/www.periciadocumental.es\/"},{"@type":"ListItem","position":2,"name":"Nuestro Equipo"}]},{"@type":"WebSite","@id":"https:\/\/www.periciadocumental.es\/#website","url":"https:\/\/www.periciadocumental.es\/","name":"Pericia Documental","description":"","publisher":{"@id":"https:\/\/www.periciadocumental.es\/#\/schema\/person\/33d1b5f3f9e7bf3cdbd467540db25a3f"},"potentialAction":[{"@type":"SearchAction","target":{"@type":"EntryPoint","urlTemplate":"https:\/\/www.periciadocumental.es\/?s={search_term_string}"},"query-input":{"@type":"PropertyValueSpecification","valueRequired":true,"valueName":"search_term_string"}}],"inLanguage":"es"},{"@type":["Person","Organization"],"@id":"https:\/\/www.periciadocumental.es\/#\/schema\/person\/33d1b5f3f9e7bf3cdbd467540db25a3f","name":"Iv\u00e1n","image":{"@type":"ImageObject","inLanguage":"es","@id":"https:\/\/www.periciadocumental.es\/#\/schema\/person\/image\/","url":"https:\/\/www.periciadocumental.es\/wp-content\/uploads\/2022\/03\/Logo_p.png","contentUrl":"https:\/\/www.periciadocumental.es\/wp-content\/uploads\/2022\/03\/Logo_p.png","width":299,"height":58,"caption":"Iv\u00e1n"},"logo":{"@id":"https:\/\/www.periciadocumental.es\/#\/schema\/person\/image\/"}}]}},"_links":{"self":[{"href":"https:\/\/www.periciadocumental.es\/index.php\/wp-json\/wp\/v2\/pages\/2","targetHints":{"allow":["GET"]}}],"collection":[{"href":"https:\/\/www.periciadocumental.es\/index.php\/wp-json\/wp\/v2\/pages"}],"about":[{"href":"https:\/\/www.periciadocumental.es\/index.php\/wp-json\/wp\/v2\/types\/page"}],"author":[{"embeddable":true,"href":"https:\/\/www.periciadocumental.es\/index.php\/wp-json\/wp\/v2\/users\/1"}],"replies":[{"embeddable":true,"href":"https:\/\/www.periciadocumental.es\/index.php\/wp-json\/wp\/v2\/comments?post=2"}],"version-history":[{"count":83,"href":"https:\/\/www.periciadocumental.es\/index.php\/wp-json\/wp\/v2\/pages\/2\/revisions"}],"predecessor-version":[{"id":14,"href":"https:\/\/www.periciadocumental.es\/index.php\/wp-json\/wp\/v2\/pages\/2\/revisions\/14"}],"wp:featuredmedia":[{"embeddable":true,"href":"https:\/\/www.periciadocumental.es\/index.php\/wp-json\/wp\/v2\/media\/661"}],"wp:attachment":[{"href":"https:\/\/www.periciadocumental.es\/index.php\/wp-json\/wp\/v2\/media?parent=2"}],"curies":[{"name":"wp","href":"https:\/\/api.w.org\/{rel}","templated":true}]}}